{"id":39,"date":"2024-06-09T11:38:40","date_gmt":"2024-06-09T11:38:40","guid":{"rendered":"https:\/\/daridoc.com\/?page_id=39"},"modified":"2025-02-10T19:17:59","modified_gmt":"2025-02-10T19:17:59","slug":"contact-us","status":"publish","type":"page","link":"https:\/\/daridoc.com\/?page_id=39","title":{"rendered":"Contactez nous"},"content":{"rendered":"\t\t<div data-elementor-type=\"wp-page\" data-elementor-id=\"39\" class=\"elementor elementor-39\">\n\t\t\t\t<div class=\"elementor-element elementor-element-3b7b841 e-con-full e-flex wpr-particle-no wpr-jarallax-no wpr-parallax-no wpr-sticky-section-no e-con e-parent\" data-id=\"3b7b841\" data-element_type=\"container\">\n\t\t\t\t<div class=\"elementor-element elementor-element-de1cdc6 elementor-widget elementor-widget-Page_Banner\" data-id=\"de1cdc6\" data-element_type=\"widget\" data-widget_type=\"Page_Banner.default\">\n\t\t\t\t<div class=\"elementor-widget-container\">\n\t\t\t\t\t           \r\n        <!--=== Start Min Banner Area ===-->\r\n            <div class=\"page-banner-area\"  style=\"background-image: url(https:\/\/daridoc.com\/wp-content\/uploads\/2024\/08\/bg-image-14.webp)\"  >\r\n                <div class=\"container-fluid wn-padding\">\r\n                    <div class=\"row\">\r\n                        <div class=\"col-lg-6 col-md-6\">\r\n                            <div class=\"page-banner-content bg-color-ffffff rounded-top-5\">\r\n                                                                                                            <h2 class=\"banner-title-tags\">Contactez nous<\/h2>\r\n                                                                                                    \r\n                                                            <\/div>\r\n                        <\/div>\r\n                        <div class=\"col-lg-6 col-md-6\"><\/div>\r\n                    <\/div>\r\n                <\/div>\r\n            <\/div>\r\n        <!--=== End Min Banner Area ===-->\r\n        \r\n        \t\t\t\t<\/div>\n\t\t\t\t<\/div>\n\t\t\t\t<\/div>\n\t\t<div class=\"elementor-element elementor-element-c1670b3 e-con-full e-flex wpr-particle-no wpr-jarallax-no wpr-parallax-no wpr-sticky-section-no e-con e-parent\" data-id=\"c1670b3\" data-element_type=\"container\" data-settings=\"{&quot;background_background&quot;:&quot;classic&quot;}\">\n\t\t\t\t<div class=\"elementor-element elementor-element-114acde elementor-widget elementor-widget-customercare-widget\" data-id=\"114acde\" data-element_type=\"widget\" data-widget_type=\"customercare-widget.default\">\n\t\t\t\t<div class=\"elementor-widget-container\">\n\t\t\t\t\t\r\n        \r\n            <!--=== Start Customer Care Area ===-->\r\n            <div class=\"customer-care-area emergency\">\r\n                <div class=\"container-fluid wn-padding\">\r\n                    <div class=\"shape-image\">\r\n                        <div class=\"customer-info\">\r\n                            <h4 class=\"text-white\">\r\n                                Prise de contact                            <\/h4>\r\n                           \r\n                            <ul class=\"phone\">\r\n                                <li>\r\n                                     \r\n                                         \r\n                                            <i class=\"ri-phone-line left\"><\/i>\r\n                                          \r\n                                     \r\n                                                                            <a href=\"tel:+212537771716\">05 37 77 17 16<\/a>\r\n                                                                    <\/li>\r\n                                <li>\r\n                                     \r\n                                         \r\n                                            <i class=\"ri-mail-send-line left\"><\/i>\r\n                                          \r\n                                     \r\n                                                                            <a href=\"mailto:contact@daridoc.com\">contact@daridoc.com<\/a>\r\n                                                                    <\/li>\r\n                            <\/ul>\r\n                        <\/div>\r\n\r\n                        <div class=\"customer-shape\">\r\n                                                            <img decoding=\"async\" class=\"phone-1\" src=\"https:\/\/daridoc.com\/wp-content\/uploads\/2024\/07\/phone1.svg\" alt=\"images\">\r\n                                                                                        <img decoding=\"async\" class=\"user-image-4 rounded-circle\" src=\"https:\/\/daridoc.com\/wp-content\/uploads\/2024\/06\/user-image-4.jpg\" alt=\"images\">\r\n                                                                                        <img decoding=\"async\" class=\"user-image-6 rounded-circle\" src=\"https:\/\/daridoc.com\/wp-content\/uploads\/2024\/06\/user-image-6.jpg\" alt=\"images\">\r\n                                                    <\/div>\r\n                    <\/div>\r\n                <\/div>\r\n            <\/div>\r\n            <!--=== End Customer Care Area ===-->\r\n\r\n        \r\n\r\n        \t\t\t\t<\/div>\n\t\t\t\t<\/div>\n\t\t\t\t<\/div>\n\t\t<div class=\"elementor-element elementor-element-57f5e9c e-flex e-con-boxed wpr-particle-no wpr-jarallax-no wpr-parallax-no wpr-sticky-section-no e-con e-parent\" data-id=\"57f5e9c\" data-element_type=\"container\">\n\t\t\t\t\t<div class=\"e-con-inner\">\n\t\t<div class=\"elementor-element elementor-element-a602667 e-con-full e-flex wpr-particle-no wpr-jarallax-no wpr-parallax-no wpr-sticky-section-no e-con e-child\" data-id=\"a602667\" data-element_type=\"container\">\n\t\t\t\t<div class=\"elementor-element elementor-element-5ebf1fe elementor-widget elementor-widget-image\" data-id=\"5ebf1fe\" data-element_type=\"widget\" data-widget_type=\"image.default\">\n\t\t\t\t<div class=\"elementor-widget-container\">\n\t\t\t\t\t\t\t\t\t\t\t\t\t\t\t<img fetchpriority=\"high\" decoding=\"async\" width=\"1000\" height=\"1295\" src=\"https:\/\/daridoc.com\/wp-content\/uploads\/2024\/09\/contact-im.webp\" class=\"attachment-full size-full wp-image-3278\" alt=\"\" srcset=\"https:\/\/daridoc.com\/wp-content\/uploads\/2024\/09\/contact-im.webp 1000w, https:\/\/daridoc.com\/wp-content\/uploads\/2024\/09\/contact-im-232x300.webp 232w, https:\/\/daridoc.com\/wp-content\/uploads\/2024\/09\/contact-im-768x995.webp 768w, https:\/\/daridoc.com\/wp-content\/uploads\/2024\/09\/contact-im-791x1024.webp 791w, https:\/\/daridoc.com\/wp-content\/uploads\/2024\/09\/contact-im-530x686.webp 530w\" sizes=\"(max-width: 1000px) 100vw, 1000px\" \/>\t\t\t\t\t\t\t\t\t\t\t\t\t\t\t<\/div>\n\t\t\t\t<\/div>\n\t\t\t\t<\/div>\n\t\t<div class=\"elementor-element elementor-element-1b6e3dd e-con-full e-flex wpr-particle-no wpr-jarallax-no wpr-parallax-no wpr-sticky-section-no e-con e-child\" data-id=\"1b6e3dd\" data-element_type=\"container\">\n\t\t\t\t<div class=\"elementor-element elementor-element-ee44880 elementor-widget elementor-widget-ContactUs\" data-id=\"ee44880\" data-element_type=\"widget\" data-widget_type=\"ContactUs.default\">\n\t\t\t\t<div class=\"elementor-widget-container\">\n\t\t\t\t\t        \r\n        <div class=\"appointment-form bg-color-ffffff rounded-5\">\r\n            <h3>\r\n                Formulaire de Contact            <\/h3>\r\n            \n<div class=\"wpcf7 no-js\" id=\"wpcf7-f2339-o1\" lang=\"en-US\" dir=\"ltr\" data-wpcf7-id=\"2339\">\n<div class=\"screen-reader-response\"><p role=\"status\" aria-live=\"polite\" aria-atomic=\"true\"><\/p> <ul><\/ul><\/div>\n<form action=\"\/index.php?rest_route=%2Fwp%2Fv2%2Fpages%2F39#wpcf7-f2339-o1\" method=\"post\" class=\"wpcf7-form init\" aria-label=\"Contact form\" novalidate=\"novalidate\" data-status=\"init\">\n<div style=\"display: none;\">\n<input type=\"hidden\" name=\"_wpcf7\" value=\"2339\" \/>\n<input type=\"hidden\" name=\"_wpcf7_version\" value=\"6.0.6\" \/>\n<input type=\"hidden\" name=\"_wpcf7_locale\" value=\"en_US\" \/>\n<input type=\"hidden\" name=\"_wpcf7_unit_tag\" value=\"wpcf7-f2339-o1\" \/>\n<input type=\"hidden\" name=\"_wpcf7_container_post\" value=\"0\" \/>\n<input type=\"hidden\" name=\"_wpcf7_posted_data_hash\" value=\"\" \/>\n<\/div>\n<div class=\"form-group\">\n\t<p><span class=\"wpcf7-form-control-wrap\" data-name=\"yourfname\"><input size=\"40\" maxlength=\"400\" class=\"wpcf7-form-control wpcf7-text wpcf7-validates-as-required form-control\" aria-required=\"true\" aria-invalid=\"false\" placeholder=\"Pr\u00e9nom\" value=\"\" type=\"text\" name=\"yourfname\" \/><\/span>\n\t<\/p>\n<\/div>\n<div class=\"form-group\">\n\t<p><span class=\"wpcf7-form-control-wrap\" data-name=\"yourlname\"><input size=\"40\" maxlength=\"400\" class=\"wpcf7-form-control wpcf7-text wpcf7-validates-as-required form-control\" aria-required=\"true\" aria-invalid=\"false\" placeholder=\"Nom\" value=\"\" type=\"text\" name=\"yourlname\" \/><\/span>\n\t<\/p>\n<\/div>\n<div class=\"form-group\">\n\t<p><span class=\"wpcf7-form-control-wrap\" data-name=\"yrmail\"><input size=\"40\" maxlength=\"400\" class=\"wpcf7-form-control wpcf7-email wpcf7-validates-as-required wpcf7-text wpcf7-validates-as-email form-control\" aria-required=\"true\" aria-invalid=\"false\" placeholder=\"Email\" value=\"\" type=\"email\" name=\"yrmail\" \/><\/span>\n\t<\/p>\n<\/div>\n<div class=\"form-group\">\n\t<p><span class=\"wpcf7-form-control-wrap\" data-name=\"Yourphone\"><input size=\"40\" maxlength=\"400\" class=\"wpcf7-form-control wpcf7-text wpcf7-validates-as-required form-control\" aria-required=\"true\" aria-invalid=\"false\" placeholder=\"Num\u00e9ro de t\u00e9l\u00e9phone\" value=\"\" type=\"text\" name=\"Yourphone\" \/><\/span>\n\t<\/p>\n<\/div>\n<div class=\"form-group\">\n\t<p><span class=\"wpcf7-form-control-wrap\" data-name=\"yorsubject\"><input size=\"40\" maxlength=\"400\" class=\"wpcf7-form-control wpcf7-text wpcf7-validates-as-required form-control\" aria-required=\"true\" aria-invalid=\"false\" placeholder=\"Objet\" value=\"\" type=\"text\" name=\"yorsubject\" \/><\/span>\n\t<\/p>\n<\/div>\n<div class=\"form-group\">\n\t<p><span class=\"wpcf7-form-control-wrap\" data-name=\"subject\"><textarea cols=\"40\" rows=\"10\" maxlength=\"2000\" class=\"wpcf7-form-control wpcf7-textarea form-control textarea\" aria-invalid=\"false\" placeholder=\"Message\" name=\"subject\"><\/textarea><\/span>\n\t<\/p>\n<\/div>\n<p><button type=\"submit\" class=\"default-btn common rounded-2\">Envoyer un message <i class=\"ri-arrow-right-down-line\"><\/i><\/button>\n<\/p><div class=\"wpcf7-response-output\" aria-hidden=\"true\"><\/div>\n<\/form>\n<\/div>\n        <\/div>\r\n\r\n        \t\t\t\t<\/div>\n\t\t\t\t<\/div>\n\t\t\t\t<\/div>\n\t\t\t\t\t<\/div>\n\t\t\t\t<\/div>\n\t\t<div class=\"elementor-element elementor-element-10ef36e e-con-full e-flex wpr-particle-no wpr-jarallax-no wpr-parallax-no wpr-sticky-section-no e-con e-parent\" data-id=\"10ef36e\" data-element_type=\"container\">\n\t\t\t\t<div class=\"elementor-element elementor-element-7a0e092 elementor-widget elementor-widget-google_maps\" data-id=\"7a0e092\" data-element_type=\"widget\" data-widget_type=\"google_maps.default\">\n\t\t\t\t<div class=\"elementor-widget-container\">\n\t\t\t\t\t\t\t<div class=\"elementor-custom-embed\">\n\t\t\t<iframe loading=\"lazy\"\n\t\t\t\t\tsrc=\"https:\/\/maps.google.com\/maps?q=32%20Av.%20Ibn%20Khaldoun%2C%20Rabat%2010090&#038;t=m&#038;z=14&#038;output=embed&#038;iwloc=near\"\n\t\t\t\t\ttitle=\"32 Av. Ibn Khaldoun, Rabat 10090\"\n\t\t\t\t\taria-label=\"32 Av. Ibn Khaldoun, Rabat 10090\"\n\t\t\t><\/iframe>\n\t\t<\/div>\n\t\t\t\t\t\t<\/div>\n\t\t\t\t<\/div>\n\t\t\t\t<\/div>\n\t\t\t\t<\/div>\n\t\t","protected":false},"excerpt":{"rendered":"<p>Contactez nous Prise de contact 05 37 77 17 16 contact@daridoc.com Formulaire de Contact Envoyer un message<\/p>\n","protected":false},"author":1,"featured_media":0,"parent":0,"menu_order":0,"comment_status":"closed","ping_status":"closed","template":"elementor_header_footer","meta":{"_acf_changed":false,"_themeisle_gutenberg_block_has_review":false,"footnotes":""},"class_list":["post-39","page","type-page","status-publish","hentry"],"acf":[],"_links":{"self":[{"href":"https:\/\/daridoc.com\/index.php?rest_route=\/wp\/v2\/pages\/39","targetHints":{"allow":["GET"]}}],"collection":[{"href":"https:\/\/daridoc.com\/index.php?rest_route=\/wp\/v2\/pages"}],"about":[{"href":"https:\/\/daridoc.com\/index.php?rest_route=\/wp\/v2\/types\/page"}],"author":[{"embeddable":true,"href":"https:\/\/daridoc.com\/index.php?rest_route=\/wp\/v2\/users\/1"}],"replies":[{"embeddable":true,"href":"https:\/\/daridoc.com\/index.php?rest_route=%2Fwp%2Fv2%2Fcomments&post=39"}],"version-history":[{"count":98,"href":"https:\/\/daridoc.com\/index.php?rest_route=\/wp\/v2\/pages\/39\/revisions"}],"predecessor-version":[{"id":6173,"href":"https:\/\/daridoc.com\/index.php?rest_route=\/wp\/v2\/pages\/39\/revisions\/6173"}],"wp:attachment":[{"href":"https:\/\/daridoc.com\/index.php?rest_route=%2Fwp%2Fv2%2Fmedia&parent=39"}],"curies":[{"name":"wp","href":"https:\/\/api.w.org\/{rel}","templated":true}]}}