{"id":29,"date":"2024-06-09T11:32:18","date_gmt":"2024-06-09T11:32:18","guid":{"rendered":"https:\/\/daridoc.com\/?page_id=29"},"modified":"2025-01-15T15:04:51","modified_gmt":"2025-01-15T15:04:51","slug":"about-us","status":"publish","type":"page","link":"https:\/\/daridoc.com\/?page_id=29","title":{"rendered":"\u00c0 propos de DariDoc"},"content":{"rendered":"\t\t<div data-elementor-type=\"wp-page\" data-elementor-id=\"29\" class=\"elementor elementor-29\">\n\t\t\t\t<div class=\"elementor-element elementor-element-062d109 e-con-full e-flex wpr-particle-no wpr-jarallax-no wpr-parallax-no wpr-sticky-section-no e-con e-parent\" data-id=\"062d109\" data-element_type=\"container\">\n\t\t\t\t<div class=\"elementor-element elementor-element-c2be45d elementor-widget elementor-widget-Page_Banner\" data-id=\"c2be45d\" data-element_type=\"widget\" data-widget_type=\"Page_Banner.default\">\n\t\t\t\t<div class=\"elementor-widget-container\">\n\t\t\t\t\t           \r\n        <!--=== Start Min Banner Area ===-->\r\n            <div class=\"page-banner-area\"  style=\"background-image: url(https:\/\/daridoc.com\/wp-content\/uploads\/2024\/08\/bg-image-10.webp)\"  >\r\n                <div class=\"container-fluid wn-padding\">\r\n                    <div class=\"row\">\r\n                        <div class=\"col-lg-6 col-md-6\">\r\n                            <div class=\"page-banner-content bg-color-ffffff rounded-top-5\">\r\n                                                                                                            <h2 class=\"banner-title-tags\">\u00c0 propos de DariDoc<\/h2>\r\n                                                                                                    \r\n                                                            <\/div>\r\n                        <\/div>\r\n                        <div class=\"col-lg-6 col-md-6\"><\/div>\r\n                    <\/div>\r\n                <\/div>\r\n            <\/div>\r\n        <!--=== End Min Banner Area ===-->\r\n        \r\n        \t\t\t\t<\/div>\n\t\t\t\t<\/div>\n\t\t\t\t<\/div>\n\t\t<div class=\"elementor-element elementor-element-21a7bde e-flex e-con-boxed wpr-particle-no wpr-jarallax-no wpr-parallax-no wpr-sticky-section-no e-con e-parent\" data-id=\"21a7bde\" data-element_type=\"container\" data-settings=\"{&quot;background_background&quot;:&quot;classic&quot;}\">\n\t\t\t\t\t<div class=\"e-con-inner\">\n\t\t<div class=\"elementor-element elementor-element-a1d4328 e-con-full e-flex wpr-particle-no wpr-jarallax-no wpr-parallax-no wpr-sticky-section-no e-con e-child\" data-id=\"a1d4328\" data-element_type=\"container\">\n\t\t\t\t<div class=\"elementor-element elementor-element-0fed791 elementor-widget__width-initial elementor-widget elementor-widget-heading\" data-id=\"0fed791\" data-element_type=\"widget\" data-widget_type=\"heading.default\">\n\t\t\t\t<div class=\"elementor-widget-container\">\n\t\t\t\t\t<h2 class=\"elementor-heading-title elementor-size-default\">Daridoc, une solution \u00e0 domicile visant \u00e0 optimiser la prise en charge m\u00e9dicale<\/h2>\t\t\t\t<\/div>\n\t\t\t\t<\/div>\n\t\t\t\t<div class=\"elementor-element elementor-element-0120ed5 elementor-widget elementor-widget-image\" data-id=\"0120ed5\" data-element_type=\"widget\" data-widget_type=\"image.default\">\n\t\t\t\t<div class=\"elementor-widget-container\">\n\t\t\t\t\t\t\t\t\t\t\t\t\t\t\t<img decoding=\"async\" src=\"https:\/\/daridoc.com\/wp-content\/uploads\/2024\/06\/about-image-1.webp\" title=\"about-image-1\" alt=\"about-image-1\" loading=\"lazy\" \/>\t\t\t\t\t\t\t\t\t\t\t\t\t\t\t<\/div>\n\t\t\t\t<\/div>\n\t\t\t\t<\/div>\n\t\t<div class=\"elementor-element elementor-element-6009c0d e-con-full e-flex wpr-particle-no wpr-jarallax-no wpr-parallax-no wpr-sticky-section-no e-con e-child\" data-id=\"6009c0d\" data-element_type=\"container\">\n\t\t\t\t<div class=\"elementor-element elementor-element-1fc044f elementor-widget elementor-widget-image\" data-id=\"1fc044f\" data-element_type=\"widget\" data-widget_type=\"image.default\">\n\t\t\t\t<div class=\"elementor-widget-container\">\n\t\t\t\t\t\t\t\t\t\t\t\t\t\t\t<img fetchpriority=\"high\" decoding=\"async\" width=\"1002\" height=\"690\" src=\"https:\/\/daridoc.com\/wp-content\/uploads\/2024\/12\/Untitled-design-8-e1735130028316.png\" class=\"attachment-full size-full wp-image-4379\" alt=\"\" srcset=\"https:\/\/daridoc.com\/wp-content\/uploads\/2024\/12\/Untitled-design-8-e1735130028316.png 1002w, https:\/\/daridoc.com\/wp-content\/uploads\/2024\/12\/Untitled-design-8-e1735130028316-300x207.png 300w, https:\/\/daridoc.com\/wp-content\/uploads\/2024\/12\/Untitled-design-8-e1735130028316-768x529.png 768w, https:\/\/daridoc.com\/wp-content\/uploads\/2024\/12\/Untitled-design-8-e1735130028316-1000x690.png 1000w, https:\/\/daridoc.com\/wp-content\/uploads\/2024\/12\/Untitled-design-8-e1735130028316-530x365.png 530w\" sizes=\"(max-width: 1002px) 100vw, 1002px\" \/>\t\t\t\t\t\t\t\t\t\t\t\t\t\t\t<\/div>\n\t\t\t\t<\/div>\n\t\t\t\t<div class=\"elementor-element elementor-element-bb22898 elementor-widget elementor-widget-heading\" data-id=\"bb22898\" data-element_type=\"widget\" data-widget_type=\"heading.default\">\n\t\t\t\t<div class=\"elementor-widget-container\">\n\t\t\t\t\t<h2 class=\"elementor-heading-title elementor-size-default\">La solution Daridoc<\/h2>\t\t\t\t<\/div>\n\t\t\t\t<\/div>\n\t\t\t\t<div class=\"elementor-element elementor-element-05e06f4 elementor-widget elementor-widget-text-editor\" data-id=\"05e06f4\" data-element_type=\"widget\" data-widget_type=\"text-editor.default\">\n\t\t\t\t<div class=\"elementor-widget-container\">\n\t\t\t\t\t\t\t\t\t<p>Daridoc est une solution innovante de soins m\u00e9dicaux \u00e0 domicile, offrant des services adapt\u00e9s aux besoins des patients n\u00e9cessitant une hospitalisation \u00e0 domicile (HAD).<\/p><p>Notre solution propose des soins de qualit\u00e9, que ce soit pour des prises en charge longues dur\u00e9es (pathologies chroniques) ou des interventions ponctuelles (soins post-op\u00e9ratoires, traitement des infections).<\/p>\t\t\t\t\t\t\t\t<\/div>\n\t\t\t\t<\/div>\n\t\t\t\t<\/div>\n\t\t\t\t\t<\/div>\n\t\t\t\t<\/div>\n\t\t<div class=\"elementor-element elementor-element-3c174990 e-flex e-con-boxed wpr-particle-no wpr-jarallax-no wpr-parallax-no wpr-sticky-section-no e-con e-parent\" data-id=\"3c174990\" data-element_type=\"container\" data-settings=\"{&quot;background_background&quot;:&quot;classic&quot;}\">\n\t\t\t\t\t<div class=\"e-con-inner\">\n\t\t<div class=\"elementor-element elementor-element-3f639258 e-con-full e-flex wpr-particle-no wpr-jarallax-no wpr-parallax-no wpr-sticky-section-no e-con e-child\" data-id=\"3f639258\" data-element_type=\"container\">\n\t\t\t\t<div class=\"elementor-element elementor-element-5462a88 elementor-widget elementor-widget-heading\" data-id=\"5462a88\" data-element_type=\"widget\" data-widget_type=\"heading.default\">\n\t\t\t\t<div class=\"elementor-widget-container\">\n\t\t\t\t\t<h2 class=\"elementor-heading-title elementor-size-default\">Les solutions apport\u00e9es par Daridoc pour r\u00e9pondre aux enjeux des soins \u00e0 domicile \n<\/h2>\t\t\t\t<\/div>\n\t\t\t\t<\/div>\n\t\t\t\t<div class=\"elementor-element elementor-element-11a122e6 elementor-widget elementor-widget-Faq\" data-id=\"11a122e6\" data-element_type=\"widget\" data-widget_type=\"Faq.default\">\n\t\t\t\t<div class=\"elementor-widget-container\">\n\t\t\t\t\t\r\n        <div class=\"question-faq\">\r\n            <div class=\"accordion\" id=\"accordionExample\">\r\n                                    <div class=\"accordion-item\">\r\n                        <button class=\"accordion-button \" type=\"button\" data-bs-toggle=\"collapse\" data-bs-target=\"#collapse1\" aria-expanded=\"false\" aria-controls=\"collapse1\">\r\n                            Confort et Bien-\u00catre des Patients                        <\/button>\r\n                        <div id=\"collapse1\" class=\"accordion-collapse collapse  show\" data-bs-parent=\"#accordionExample\">\r\n                            <div class=\"accordion-body\">\r\n                                <p>Les soins et l\u2019hospitalisation \u00e0 domicile permettent aux patients de rester dans un cadre familier, ce qui r\u00e9duit le stress et l'anxi\u00e9t\u00e9 associ\u00e9s aux \u00e9tablissements de sant\u00e9. \u00catre entour\u00e9 de ses proches et dans un environnement personnel favorise le bien-\u00eatre psychologique et peut acc\u00e9l\u00e9rer la gu\u00e9rison. Cela am\u00e9liore \u00e9galement leur qualit\u00e9 de vie, surtout pour les patients atteints de maladies chroniques ou en fin de vie, qui pr\u00e9f\u00e8rent souvent rester chez eux<\/p>\r\n                            <\/div>\r\n                        <\/div>\r\n                    <\/div>\r\n                                    <div class=\"accordion-item\">\r\n                        <button class=\"accordion-button collapsed\" type=\"button\" data-bs-toggle=\"collapse\" data-bs-target=\"#collapse2\" aria-expanded=\"false\" aria-controls=\"collapse2\">\r\n                            Soutien aux Familles et Aidants                        <\/button>\r\n                        <div id=\"collapse2\" class=\"accordion-collapse collapse  \" data-bs-parent=\"#accordionExample\">\r\n                            <div class=\"accordion-body\">\r\n                                <p>En apportant un soutien professionnel \u00e0 domicile, notre solution soulage les familles qui se trouvent souvent submerg\u00e9es par les responsabilit\u00e9s de soins. Gr\u00e2ce \u00e0 l\u2019intervention du  personnel m\u00e9dical, les familles peuvent compter sur une prise en charge experte et ne sont plus accabl\u00e9es par des t\u00e2ches m\u00e9dicales complexes. Ce soutien all\u00e8ge consid\u00e9rablement la charge \u00e9motionnelle et physique des aidants tout en garantissant des soins de qualit\u00e9 pour le patient.<\/p>\r\n                            <\/div>\r\n                        <\/div>\r\n                    <\/div>\r\n                                    <div class=\"accordion-item\">\r\n                        <button class=\"accordion-button collapsed\" type=\"button\" data-bs-toggle=\"collapse\" data-bs-target=\"#collapse3\" aria-expanded=\"false\" aria-controls=\"collapse3\">\r\n                            Continuit\u00e9 et Qualit\u00e9 des Soins                         <\/button>\r\n                        <div id=\"collapse3\" class=\"accordion-collapse collapse  \" data-bs-parent=\"#accordionExample\">\r\n                            <div class=\"accordion-body\">\r\n                                <p>Notre solution garantit une continuit\u00e9 des soins en assurant une coordination fluide entre les diff\u00e9rents professionnels de sant\u00e9 impliqu\u00e9s (m\u00e9decins, infirmiers, kin\u00e9sith\u00e9rapeutes). Ce suivi rigoureux \u00e9vite les interruptions de traitement et garantit que le patient b\u00e9n\u00e9ficie d'une prise en charge compl\u00e8te et harmonis\u00e9e entre l\u2019\u00e9tablissement de sant\u00e9 et le domicile, ce qui optimise son r\u00e9tablissement et sa s\u00e9curit\u00e9.<\/p>\r\n                            <\/div>\r\n                        <\/div>\r\n                    <\/div>\r\n                            <\/div>\r\n        <\/div>\r\n\r\n        \t\t\t\t<\/div>\n\t\t\t\t<\/div>\n\t\t\t\t<\/div>\n\t\t<div class=\"elementor-element elementor-element-74331d1 e-con-full e-flex wpr-particle-no wpr-jarallax-no wpr-parallax-no wpr-sticky-section-no e-con e-child\" data-id=\"74331d1\" data-element_type=\"container\">\n\t\t\t\t<div class=\"elementor-element elementor-element-52acb7d6 elementor-widget elementor-widget-image\" data-id=\"52acb7d6\" data-element_type=\"widget\" data-widget_type=\"image.default\">\n\t\t\t\t<div class=\"elementor-widget-container\">\n\t\t\t\t\t\t\t\t\t\t\t\t\t\t\t<img decoding=\"async\" width=\"1000\" height=\"1157\" src=\"https:\/\/daridoc.com\/wp-content\/uploads\/2024\/08\/about-image-8.webp\" class=\"attachment-medak_faq_thumb size-medak_faq_thumb wp-image-1214\" alt=\"\" srcset=\"https:\/\/daridoc.com\/wp-content\/uploads\/2024\/08\/about-image-8.webp 1000w, https:\/\/daridoc.com\/wp-content\/uploads\/2024\/08\/about-image-8-259x300.webp 259w, https:\/\/daridoc.com\/wp-content\/uploads\/2024\/08\/about-image-8-768x889.webp 768w, https:\/\/daridoc.com\/wp-content\/uploads\/2024\/08\/about-image-8-885x1024.webp 885w, https:\/\/daridoc.com\/wp-content\/uploads\/2024\/08\/about-image-8-530x613.webp 530w\" sizes=\"(max-width: 1000px) 100vw, 1000px\" \/>\t\t\t\t\t\t\t\t\t\t\t\t\t\t\t<\/div>\n\t\t\t\t<\/div>\n\t\t\t\t<\/div>\n\t\t\t\t\t<\/div>\n\t\t\t\t<\/div>\n\t\t\t\t<\/div>\n\t\t","protected":false},"excerpt":{"rendered":"<p>\u00c0 propos de DariDoc Daridoc, une solution \u00e0 domicile visant \u00e0 optimiser la prise en charge m\u00e9dicale La solution Daridoc Daridoc est une solution innovante de soins m\u00e9dicaux \u00e0 domicile, offrant des services adapt\u00e9s aux besoins des patients n\u00e9cessitant une hospitalisation \u00e0 domicile (HAD). Notre solution propose des soins de qualit\u00e9, que ce soit pour des prises en charge longues dur\u00e9es (pathologies chroniques) ou des interventions ponctuelles (soins post-op\u00e9ratoires, traitement des infections). Les solutions apport\u00e9es par Daridoc pour r\u00e9pondre aux enjeux des soins \u00e0 domicile Confort et Bien-\u00catre des Patients Les soins et l\u2019hospitalisation \u00e0 domicile permettent aux patients de rester dans un cadre familier, ce qui r\u00e9duit le stress et l&#8217;anxi\u00e9t\u00e9 associ\u00e9s aux \u00e9tablissements de sant\u00e9. \u00catre entour\u00e9 de ses proches et dans un environnement personnel favorise le bien-\u00eatre psychologique et peut acc\u00e9l\u00e9rer la gu\u00e9rison. Cela am\u00e9liore \u00e9galement leur qualit\u00e9 de vie, surtout pour les patients atteints de maladies chroniques ou en fin de vie, qui pr\u00e9f\u00e8rent souvent rester chez eux Soutien aux Familles et Aidants En apportant un soutien professionnel \u00e0 domicile, notre solution soulage les familles qui se trouvent souvent submerg\u00e9es par les responsabilit\u00e9s de soins. Gr\u00e2ce \u00e0 l\u2019intervention du personnel m\u00e9dical, les familles peuvent compter sur une prise en charge experte et ne sont plus accabl\u00e9es par des t\u00e2ches m\u00e9dicales complexes. Ce soutien all\u00e8ge consid\u00e9rablement la charge \u00e9motionnelle et physique des aidants tout en garantissant des soins de qualit\u00e9 pour le patient. Continuit\u00e9 et Qualit\u00e9 des Soins Notre solution garantit une continuit\u00e9 des soins en assurant une coordination fluide entre les diff\u00e9rents professionnels de sant\u00e9 impliqu\u00e9s (m\u00e9decins, infirmiers, kin\u00e9sith\u00e9rapeutes). Ce suivi rigoureux \u00e9vite les interruptions de traitement et garantit que le patient b\u00e9n\u00e9ficie d&#8217;une prise en charge compl\u00e8te et harmonis\u00e9e entre l\u2019\u00e9tablissement de sant\u00e9 et le domicile, ce qui optimise son r\u00e9tablissement et sa s\u00e9curit\u00e9.<\/p>\n","protected":false},"author":1,"featured_media":0,"parent":0,"menu_order":0,"comment_status":"closed","ping_status":"closed","template":"elementor_header_footer","meta":{"_acf_changed":false,"_themeisle_gutenberg_block_has_review":false,"footnotes":""},"class_list":["post-29","page","type-page","status-publish","hentry"],"acf":[],"_links":{"self":[{"href":"https:\/\/daridoc.com\/index.php?rest_route=\/wp\/v2\/pages\/29","targetHints":{"allow":["GET"]}}],"collection":[{"href":"https:\/\/daridoc.com\/index.php?rest_route=\/wp\/v2\/pages"}],"about":[{"href":"https:\/\/daridoc.com\/index.php?rest_route=\/wp\/v2\/types\/page"}],"author":[{"embeddable":true,"href":"https:\/\/daridoc.com\/index.php?rest_route=\/wp\/v2\/users\/1"}],"replies":[{"embeddable":true,"href":"https:\/\/daridoc.com\/index.php?rest_route=%2Fwp%2Fv2%2Fcomments&post=29"}],"version-history":[{"count":100,"href":"https:\/\/daridoc.com\/index.php?rest_route=\/wp\/v2\/pages\/29\/revisions"}],"predecessor-version":[{"id":6010,"href":"https:\/\/daridoc.com\/index.php?rest_route=\/wp\/v2\/pages\/29\/revisions\/6010"}],"wp:attachment":[{"href":"https:\/\/daridoc.com\/index.php?rest_route=%2Fwp%2Fv2%2Fmedia&parent=29"}],"curies":[{"name":"wp","href":"https:\/\/api.w.org\/{rel}","templated":true}]}}