{"id":2301,"date":"2024-09-01T07:23:27","date_gmt":"2024-09-01T07:23:27","guid":{"rendered":"https:\/\/daridoc.com\/?page_id=2301"},"modified":"2025-01-15T15:20:08","modified_gmt":"2025-01-15T15:20:08","slug":"notre-equipe","status":"publish","type":"page","link":"https:\/\/daridoc.com\/?page_id=2301","title":{"rendered":"Notre \u00e9quipe"},"content":{"rendered":"\t\t<div data-elementor-type=\"wp-page\" data-elementor-id=\"2301\" class=\"elementor elementor-2301\">\n\t\t\t\t<div class=\"elementor-element elementor-element-3bd7e6d e-con-full e-flex wpr-particle-no wpr-jarallax-no wpr-parallax-no wpr-sticky-section-no e-con e-parent\" data-id=\"3bd7e6d\" data-element_type=\"container\">\n\t\t\t\t<div class=\"elementor-element elementor-element-edf8f83 elementor-widget elementor-widget-Page_Banner\" data-id=\"edf8f83\" data-element_type=\"widget\" data-widget_type=\"Page_Banner.default\">\n\t\t\t\t<div class=\"elementor-widget-container\">\n\t\t\t\t\t           \r\n        <!--=== Start Min Banner Area ===-->\r\n            <div class=\"page-banner-area\"  style=\"background-image: url(https:\/\/daridoc.com\/wp-content\/uploads\/2024\/08\/bg-image-8.webp)\"  >\r\n                <div class=\"container-fluid wn-padding\">\r\n                    <div class=\"row\">\r\n                        <div class=\"col-lg-6 col-md-6\">\r\n                            <div class=\"page-banner-content bg-color-ffffff rounded-top-5\">\r\n                                                                                                            <h2 class=\"banner-title-tags\">Notre \u00e9quipe<\/h2>\r\n                                                                                                    \r\n                                                            <\/div>\r\n                        <\/div>\r\n                        <div class=\"col-lg-6 col-md-6\"><\/div>\r\n                    <\/div>\r\n                <\/div>\r\n            <\/div>\r\n        <!--=== End Min Banner Area ===-->\r\n        \r\n        \t\t\t\t<\/div>\n\t\t\t\t<\/div>\n\t\t\t\t<\/div>\n\t\t<div class=\"elementor-element elementor-element-503deb7 e-flex e-con-boxed wpr-particle-no wpr-jarallax-no wpr-parallax-no wpr-sticky-section-no e-con e-parent\" data-id=\"503deb7\" data-element_type=\"container\">\n\t\t\t\t\t<div class=\"e-con-inner\">\n\t\t\t\t<div class=\"elementor-element elementor-element-519d074 elementor-widget elementor-widget-heading\" data-id=\"519d074\" data-element_type=\"widget\" data-widget_type=\"heading.default\">\n\t\t\t\t<div class=\"elementor-widget-container\">\n\t\t\t\t\t<h2 class=\"elementor-heading-title elementor-size-default\">Une organisation structur\u00e9e pour garantir des soins \u00e0 domicile efficaces et optimales\n<\/h2>\t\t\t\t<\/div>\n\t\t\t\t<\/div>\n\t\t\t\t\t<\/div>\n\t\t\t\t<\/div>\n\t\t<div class=\"elementor-element elementor-element-1b4f7a3 e-flex e-con-boxed wpr-particle-no wpr-jarallax-no wpr-parallax-no wpr-sticky-section-no e-con e-parent\" data-id=\"1b4f7a3\" data-element_type=\"container\">\n\t\t\t\t\t<div class=\"e-con-inner\">\n\t\t<div class=\"elementor-element elementor-element-812bfe7 e-con-full e-flex wpr-particle-no wpr-jarallax-no wpr-parallax-no wpr-sticky-section-no e-con e-child\" data-id=\"812bfe7\" data-element_type=\"container\">\n\t\t<div class=\"elementor-element elementor-element-526632d e-con-full e-flex wpr-particle-no wpr-jarallax-no wpr-parallax-no wpr-sticky-section-no e-con e-child\" data-id=\"526632d\" data-element_type=\"container\">\n\t\t\t\t<div class=\"elementor-element elementor-element-0d6e5ca elementor-widget elementor-widget-heading\" data-id=\"0d6e5ca\" data-element_type=\"widget\" data-widget_type=\"heading.default\">\n\t\t\t\t<div class=\"elementor-widget-container\">\n\t\t\t\t\t<h2 class=\"elementor-heading-title elementor-size-default\">Equipe de direction<\/h2>\t\t\t\t<\/div>\n\t\t\t\t<\/div>\n\t\t\t\t<\/div>\n\t\t<div class=\"elementor-element elementor-element-b96ff7d e-con-full e-flex wpr-particle-no wpr-jarallax-no wpr-parallax-no wpr-sticky-section-no e-con e-child\" data-id=\"b96ff7d\" data-element_type=\"container\">\n\t\t<div class=\"elementor-element elementor-element-1db615a e-con-full e-flex wpr-particle-no wpr-jarallax-no wpr-parallax-no wpr-sticky-section-no e-con e-child\" data-id=\"1db615a\" data-element_type=\"container\" data-settings=\"{&quot;background_background&quot;:&quot;classic&quot;}\">\n\t\t\t\t<div class=\"elementor-element elementor-element-d63750e elementor-widget__width-inherit elementor-position-top elementor-widget elementor-widget-image-box\" data-id=\"d63750e\" data-element_type=\"widget\" data-widget_type=\"image-box.default\">\n\t\t\t\t<div class=\"elementor-widget-container\">\n\t\t\t\t\t<div class=\"elementor-image-box-wrapper\"><figure class=\"elementor-image-box-img\"><img fetchpriority=\"high\" decoding=\"async\" width=\"776\" height=\"970\" src=\"https:\/\/daridoc.com\/wp-content\/uploads\/2025\/01\/image00009.png\" class=\"elementor-animation-wobble-horizontal attachment-medak_el_project_860x970 size-medak_el_project_860x970 wp-image-5827\" alt=\"\" \/><\/figure><div class=\"elementor-image-box-content\"><h3 class=\"elementor-image-box-title\">Dr Zidouh Mohamed<\/h3><p class=\"elementor-image-box-description\">Pr\u00e9sident Directeur G\u00e9n\u00e9ral<\/p><\/div><\/div>\t\t\t\t<\/div>\n\t\t\t\t<\/div>\n\t\t\t\t<\/div>\n\t\t<div class=\"elementor-element elementor-element-732eedf e-con-full e-flex wpr-particle-no wpr-jarallax-no wpr-parallax-no wpr-sticky-section-no e-con e-child\" data-id=\"732eedf\" data-element_type=\"container\" data-settings=\"{&quot;background_background&quot;:&quot;classic&quot;}\">\n\t\t\t\t<div class=\"elementor-element elementor-element-114646d elementor-widget__width-inherit elementor-position-top elementor-widget elementor-widget-image-box\" data-id=\"114646d\" data-element_type=\"widget\" data-widget_type=\"image-box.default\">\n\t\t\t\t<div class=\"elementor-widget-container\">\n\t\t\t\t\t<div class=\"elementor-image-box-wrapper\"><figure class=\"elementor-image-box-img\"><img decoding=\"async\" width=\"860\" height=\"970\" src=\"https:\/\/daridoc.com\/wp-content\/uploads\/2025\/01\/image00001-860x970.png\" class=\"elementor-animation-wobble-horizontal attachment-medak_el_project_860x970 size-medak_el_project_860x970 wp-image-5840\" alt=\"\" \/><\/figure><div class=\"elementor-image-box-content\"><h3 class=\"elementor-image-box-title\">Mamoun Zidouh <\/h3><p class=\"elementor-image-box-description\">Directeur G\u00e9n\u00e9ral<\/p><\/div><\/div>\t\t\t\t<\/div>\n\t\t\t\t<\/div>\n\t\t\t\t<\/div>\n\t\t\t\t<\/div>\n\t\t\t\t<\/div>\n\t\t<div class=\"elementor-element elementor-element-c7b8a80 e-con-full e-flex wpr-particle-no wpr-jarallax-no wpr-parallax-no wpr-sticky-section-no e-con e-child\" data-id=\"c7b8a80\" data-element_type=\"container\">\n\t\t<div class=\"elementor-element elementor-element-6a449b7 e-con-full e-flex wpr-particle-no wpr-jarallax-no wpr-parallax-no wpr-sticky-section-no e-con e-child\" data-id=\"6a449b7\" data-element_type=\"container\">\n\t\t\t\t<div class=\"elementor-element elementor-element-1944c9e elementor-widget elementor-widget-heading\" data-id=\"1944c9e\" data-element_type=\"widget\" data-widget_type=\"heading.default\">\n\t\t\t\t<div class=\"elementor-widget-container\">\n\t\t\t\t\t<h2 class=\"elementor-heading-title elementor-size-default\">Equipe op\u00e9rationnelle<\/h2>\t\t\t\t<\/div>\n\t\t\t\t<\/div>\n\t\t\t\t<\/div>\n\t\t<div class=\"elementor-element elementor-element-845b2e4 e-con-full e-flex wpr-particle-no wpr-jarallax-no wpr-parallax-no wpr-sticky-section-no e-con e-child\" data-id=\"845b2e4\" data-element_type=\"container\">\n\t\t<div class=\"elementor-element elementor-element-41740a8 e-con-full e-flex wpr-particle-no wpr-jarallax-no wpr-parallax-no wpr-sticky-section-no e-con e-child\" data-id=\"41740a8\" data-element_type=\"container\" data-settings=\"{&quot;background_background&quot;:&quot;classic&quot;}\">\n\t\t\t\t<div class=\"elementor-element elementor-element-11cf35a elementor-widget__width-inherit elementor-position-top elementor-widget elementor-widget-image-box\" data-id=\"11cf35a\" data-element_type=\"widget\" data-widget_type=\"image-box.default\">\n\t\t\t\t<div class=\"elementor-widget-container\">\n\t\t\t\t\t<div class=\"elementor-image-box-wrapper\"><figure class=\"elementor-image-box-img\"><img decoding=\"async\" width=\"700\" height=\"700\" src=\"https:\/\/daridoc.com\/wp-content\/uploads\/2025\/01\/image00002-2.png\" class=\"elementor-animation-wobble-horizontal attachment-full size-full wp-image-5838\" alt=\"\" srcset=\"https:\/\/daridoc.com\/wp-content\/uploads\/2025\/01\/image00002-2.png 700w, https:\/\/daridoc.com\/wp-content\/uploads\/2025\/01\/image00002-2-300x300.png 300w, https:\/\/daridoc.com\/wp-content\/uploads\/2025\/01\/image00002-2-150x150.png 150w, https:\/\/daridoc.com\/wp-content\/uploads\/2025\/01\/image00002-2-350x350.png 350w, https:\/\/daridoc.com\/wp-content\/uploads\/2025\/01\/image00002-2-530x530.png 530w, https:\/\/daridoc.com\/wp-content\/uploads\/2025\/01\/image00002-2-100x100.png 100w, https:\/\/daridoc.com\/wp-content\/uploads\/2025\/01\/image00002-2-400x400.png 400w\" sizes=\"(max-width: 700px) 100vw, 700px\" \/><\/figure><div class=\"elementor-image-box-content\"><h3 class=\"elementor-image-box-title\">Dr Guy Tssala <\/h3><p class=\"elementor-image-box-description\">Directeur M\u00e9dical<\/p><\/div><\/div>\t\t\t\t<\/div>\n\t\t\t\t<\/div>\n\t\t\t\t<\/div>\n\t\t<div class=\"elementor-element elementor-element-e23591c e-con-full e-flex wpr-particle-no wpr-jarallax-no wpr-parallax-no wpr-sticky-section-no e-con e-child\" data-id=\"e23591c\" data-element_type=\"container\" data-settings=\"{&quot;background_background&quot;:&quot;classic&quot;}\">\n\t\t\t\t<div class=\"elementor-element elementor-element-b261fe2 elementor-widget__width-inherit elementor-position-top elementor-widget elementor-widget-image-box\" data-id=\"b261fe2\" data-element_type=\"widget\" data-widget_type=\"image-box.default\">\n\t\t\t\t<div class=\"elementor-widget-container\">\n\t\t\t\t\t<div class=\"elementor-image-box-wrapper\"><figure class=\"elementor-image-box-img\"><img loading=\"lazy\" decoding=\"async\" width=\"700\" height=\"700\" src=\"https:\/\/daridoc.com\/wp-content\/uploads\/2025\/01\/image00007-1.png\" class=\"elementor-animation-wobble-horizontal attachment-medak_el_project_860x970 size-medak_el_project_860x970 wp-image-5839\" alt=\"\" srcset=\"https:\/\/daridoc.com\/wp-content\/uploads\/2025\/01\/image00007-1.png 700w, https:\/\/daridoc.com\/wp-content\/uploads\/2025\/01\/image00007-1-300x300.png 300w, https:\/\/daridoc.com\/wp-content\/uploads\/2025\/01\/image00007-1-150x150.png 150w, https:\/\/daridoc.com\/wp-content\/uploads\/2025\/01\/image00007-1-350x350.png 350w, https:\/\/daridoc.com\/wp-content\/uploads\/2025\/01\/image00007-1-530x530.png 530w, https:\/\/daridoc.com\/wp-content\/uploads\/2025\/01\/image00007-1-100x100.png 100w, https:\/\/daridoc.com\/wp-content\/uploads\/2025\/01\/image00007-1-400x400.png 400w\" sizes=\"(max-width: 700px) 100vw, 700px\" \/><\/figure><div class=\"elementor-image-box-content\"><h3 class=\"elementor-image-box-title\">Elena Rytchik <\/h3><p class=\"elementor-image-box-description\">Directrice des op\u00e9rations<\/p><\/div><\/div>\t\t\t\t<\/div>\n\t\t\t\t<\/div>\n\t\t\t\t<\/div>\n\t\t\t\t<\/div>\n\t\t\t\t<\/div>\n\t\t\t\t\t<\/div>\n\t\t\t\t<\/div>\n\t\t\t\t<\/div>\n\t\t","protected":false},"excerpt":{"rendered":"<p>Notre \u00e9quipe Une organisation structur\u00e9e pour garantir des soins \u00e0 domicile efficaces et optimales Equipe de direction Dr Zidouh Mohamed Pr\u00e9sident Directeur G\u00e9n\u00e9ral Mamoun Zidouh Directeur G\u00e9n\u00e9ral Equipe op\u00e9rationnelle Dr Guy Tssala Directeur M\u00e9dical Elena Rytchik Directrice des op\u00e9rations<\/p>\n","protected":false},"author":1,"featured_media":0,"parent":0,"menu_order":0,"comment_status":"closed","ping_status":"closed","template":"elementor_header_footer","meta":{"_acf_changed":false,"_themeisle_gutenberg_block_has_review":false,"footnotes":""},"class_list":["post-2301","page","type-page","status-publish","hentry"],"acf":[],"_links":{"self":[{"href":"https:\/\/daridoc.com\/index.php?rest_route=\/wp\/v2\/pages\/2301","targetHints":{"allow":["GET"]}}],"collection":[{"href":"https:\/\/daridoc.com\/index.php?rest_route=\/wp\/v2\/pages"}],"about":[{"href":"https:\/\/daridoc.com\/index.php?rest_route=\/wp\/v2\/types\/page"}],"author":[{"embeddable":true,"href":"https:\/\/daridoc.com\/index.php?rest_route=\/wp\/v2\/users\/1"}],"replies":[{"embeddable":true,"href":"https:\/\/daridoc.com\/index.php?rest_route=%2Fwp%2Fv2%2Fcomments&post=2301"}],"version-history":[{"count":86,"href":"https:\/\/daridoc.com\/index.php?rest_route=\/wp\/v2\/pages\/2301\/revisions"}],"predecessor-version":[{"id":6022,"href":"https:\/\/daridoc.com\/index.php?rest_route=\/wp\/v2\/pages\/2301\/revisions\/6022"}],"wp:attachment":[{"href":"https:\/\/daridoc.com\/index.php?rest_route=%2Fwp%2Fv2%2Fmedia&parent=2301"}],"curies":[{"name":"wp","href":"https:\/\/api.w.org\/{rel}","templated":true}]}}